{"id":567,"date":"2025-02-28T14:28:05","date_gmt":"2025-02-28T11:28:05","guid":{"rendered":"https:\/\/bosnanakliye.com\/index.php\/front_page\/"},"modified":"2025-03-04T13:23:26","modified_gmt":"2025-03-04T10:23:26","slug":"front_page","status":"publish","type":"page","link":"https:\/\/bosnanakliye.com\/","title":{"rendered":"Home"},"content":{"rendered":"\n\n\n\n\n\n","protected":false},"excerpt":{"rendered":"","protected":false},"author":1,"featured_media":612,"parent":0,"menu_order":0,"comment_status":"closed","ping_status":"closed","template":"","meta":{"saved_in_kubio":true,"footnotes":""},"class_list":["post-567","page","type-page","status-publish","has-post-thumbnail","hentry"],"kubio_ai_page_context":{"short_desc":"","purpose":"general"},"yoast_head":"<!-- This site is optimized with the Yoast SEO plugin v24.5 - https:\/\/yoast.com\/wordpress\/plugins\/seo\/ -->\n<title>Home - Bosna Hersek Nakliye Hizmetleri<\/title>\n<meta name=\"robots\" content=\"index, follow, max-snippet:-1, max-image-preview:large, max-video-preview:-1\" \/>\n<link rel=\"canonical\" href=\"https:\/\/bosnanakliye.com\/\" \/>\n<meta property=\"og:locale\" content=\"tr_TR\" \/>\n<meta property=\"og:type\" content=\"article\" \/>\n<meta property=\"og:title\" content=\"Home - Bosna Hersek Nakliye Hizmetleri\" \/>\n<meta property=\"og:url\" content=\"https:\/\/bosnanakliye.com\/\" \/>\n<meta property=\"og:site_name\" content=\"Bosna Hersek Nakliye Hizmetleri\" \/>\n<meta property=\"article:modified_time\" content=\"2025-03-04T10:23:26+00:00\" \/>\n<meta property=\"og:image\" content=\"https:\/\/bosnanakliye.com\/wp-content\/uploads\/2025\/02\/png-transparent-flag-bosnia-and-herzegovina-flag-of-bosnia-and-herzegovina-coat-of-arms-of-bosnia-and-herzegovina-bosnia-and-herzegovina-convertible-mark-euro-blue-line.png\" \/>\n\t<meta property=\"og:image:width\" content=\"920\" \/>\n\t<meta property=\"og:image:height\" content=\"768\" \/>\n\t<meta property=\"og:image:type\" content=\"image\/png\" \/>\n<meta name=\"twitter:card\" content=\"summary_large_image\" \/>\n<script type=\"application\/ld+json\" class=\"yoast-schema-graph\">{\"@context\":\"https:\/\/schema.org\",\"@graph\":[{\"@type\":\"WebPage\",\"@id\":\"https:\/\/bosnanakliye.com\/\",\"url\":\"https:\/\/bosnanakliye.com\/\",\"name\":\"Home - Bosna Hersek Nakliye Hizmetleri\",\"isPartOf\":{\"@id\":\"https:\/\/bosnanakliye.com\/#website\"},\"primaryImageOfPage\":{\"@id\":\"https:\/\/bosnanakliye.com\/#primaryimage\"},\"image\":{\"@id\":\"https:\/\/bosnanakliye.com\/#primaryimage\"},\"thumbnailUrl\":\"https:\/\/bosnanakliye.com\/wp-content\/uploads\/2025\/02\/png-transparent-flag-bosnia-and-herzegovina-flag-of-bosnia-and-herzegovina-coat-of-arms-of-bosnia-and-herzegovina-bosnia-and-herzegovina-convertible-mark-euro-blue-line.png\",\"datePublished\":\"2025-02-28T11:28:05+00:00\",\"dateModified\":\"2025-03-04T10:23:26+00:00\",\"breadcrumb\":{\"@id\":\"https:\/\/bosnanakliye.com\/#breadcrumb\"},\"inLanguage\":\"tr\",\"potentialAction\":[{\"@type\":\"ReadAction\",\"target\":[\"https:\/\/bosnanakliye.com\/\"]}]},{\"@type\":\"ImageObject\",\"inLanguage\":\"tr\",\"@id\":\"https:\/\/bosnanakliye.com\/#primaryimage\",\"url\":\"https:\/\/bosnanakliye.com\/wp-content\/uploads\/2025\/02\/png-transparent-flag-bosnia-and-herzegovina-flag-of-bosnia-and-herzegovina-coat-of-arms-of-bosnia-and-herzegovina-bosnia-and-herzegovina-convertible-mark-euro-blue-line.png\",\"contentUrl\":\"https:\/\/bosnanakliye.com\/wp-content\/uploads\/2025\/02\/png-transparent-flag-bosnia-and-herzegovina-flag-of-bosnia-and-herzegovina-coat-of-arms-of-bosnia-and-herzegovina-bosnia-and-herzegovina-convertible-mark-euro-blue-line.png\",\"width\":920,\"height\":768},{\"@type\":\"BreadcrumbList\",\"@id\":\"https:\/\/bosnanakliye.com\/#breadcrumb\",\"itemListElement\":[{\"@type\":\"ListItem\",\"position\":1,\"name\":\"Anasayfa\",\"item\":\"https:\/\/bosnanakliye.com\/\"},{\"@type\":\"ListItem\",\"position\":2,\"name\":\"Home\"}]},{\"@type\":\"WebSite\",\"@id\":\"https:\/\/bosnanakliye.com\/#website\",\"url\":\"https:\/\/bosnanakliye.com\/\",\"name\":\"Bosna Hersek Nakliye Hizmetleri\",\"description\":\"Bosna Hersek Ta\u015f\u0131mac\u0131l\u0131k Nakliye ve Parsiyel \u00c7\u00f6z\u00fcm Hizmetleri\",\"potentialAction\":[{\"@type\":\"SearchAction\",\"target\":{\"@type\":\"EntryPoint\",\"urlTemplate\":\"https:\/\/bosnanakliye.com\/?s={search_term_string}\"},\"query-input\":{\"@type\":\"PropertyValueSpecification\",\"valueRequired\":true,\"valueName\":\"search_term_string\"}}],\"inLanguage\":\"tr\"}]}<\/script>\n<!-- \/ Yoast SEO plugin. -->","yoast_head_json":{"title":"Home - Bosna Hersek Nakliye Hizmetleri","robots":{"index":"index","follow":"follow","max-snippet":"max-snippet:-1","max-image-preview":"max-image-preview:large","max-video-preview":"max-video-preview:-1"},"canonical":"https:\/\/bosnanakliye.com\/","og_locale":"tr_TR","og_type":"article","og_title":"Home - Bosna Hersek Nakliye Hizmetleri","og_url":"https:\/\/bosnanakliye.com\/","og_site_name":"Bosna Hersek Nakliye Hizmetleri","article_modified_time":"2025-03-04T10:23:26+00:00","og_image":[{"width":920,"height":768,"url":"https:\/\/bosnanakliye.com\/wp-content\/uploads\/2025\/02\/png-transparent-flag-bosnia-and-herzegovina-flag-of-bosnia-and-herzegovina-coat-of-arms-of-bosnia-and-herzegovina-bosnia-and-herzegovina-convertible-mark-euro-blue-line.png","type":"image\/png"}],"twitter_card":"summary_large_image","schema":{"@context":"https:\/\/schema.org","@graph":[{"@type":"WebPage","@id":"https:\/\/bosnanakliye.com\/","url":"https:\/\/bosnanakliye.com\/","name":"Home - Bosna Hersek Nakliye Hizmetleri","isPartOf":{"@id":"https:\/\/bosnanakliye.com\/#website"},"primaryImageOfPage":{"@id":"https:\/\/bosnanakliye.com\/#primaryimage"},"image":{"@id":"https:\/\/bosnanakliye.com\/#primaryimage"},"thumbnailUrl":"https:\/\/bosnanakliye.com\/wp-content\/uploads\/2025\/02\/png-transparent-flag-bosnia-and-herzegovina-flag-of-bosnia-and-herzegovina-coat-of-arms-of-bosnia-and-herzegovina-bosnia-and-herzegovina-convertible-mark-euro-blue-line.png","datePublished":"2025-02-28T11:28:05+00:00","dateModified":"2025-03-04T10:23:26+00:00","breadcrumb":{"@id":"https:\/\/bosnanakliye.com\/#breadcrumb"},"inLanguage":"tr","potentialAction":[{"@type":"ReadAction","target":["https:\/\/bosnanakliye.com\/"]}]},{"@type":"ImageObject","inLanguage":"tr","@id":"https:\/\/bosnanakliye.com\/#primaryimage","url":"https:\/\/bosnanakliye.com\/wp-content\/uploads\/2025\/02\/png-transparent-flag-bosnia-and-herzegovina-flag-of-bosnia-and-herzegovina-coat-of-arms-of-bosnia-and-herzegovina-bosnia-and-herzegovina-convertible-mark-euro-blue-line.png","contentUrl":"https:\/\/bosnanakliye.com\/wp-content\/uploads\/2025\/02\/png-transparent-flag-bosnia-and-herzegovina-flag-of-bosnia-and-herzegovina-coat-of-arms-of-bosnia-and-herzegovina-bosnia-and-herzegovina-convertible-mark-euro-blue-line.png","width":920,"height":768},{"@type":"BreadcrumbList","@id":"https:\/\/bosnanakliye.com\/#breadcrumb","itemListElement":[{"@type":"ListItem","position":1,"name":"Anasayfa","item":"https:\/\/bosnanakliye.com\/"},{"@type":"ListItem","position":2,"name":"Home"}]},{"@type":"WebSite","@id":"https:\/\/bosnanakliye.com\/#website","url":"https:\/\/bosnanakliye.com\/","name":"Bosna Hersek Nakliye Hizmetleri","description":"Bosna Hersek Ta\u015f\u0131mac\u0131l\u0131k Nakliye ve Parsiyel \u00c7\u00f6z\u00fcm Hizmetleri","potentialAction":[{"@type":"SearchAction","target":{"@type":"EntryPoint","urlTemplate":"https:\/\/bosnanakliye.com\/?s={search_term_string}"},"query-input":{"@type":"PropertyValueSpecification","valueRequired":true,"valueName":"search_term_string"}}],"inLanguage":"tr"}]}},"_links":{"self":[{"href":"https:\/\/bosnanakliye.com\/index.php\/wp-json\/wp\/v2\/pages\/567","targetHints":{"allow":["GET"]}}],"collection":[{"href":"https:\/\/bosnanakliye.com\/index.php\/wp-json\/wp\/v2\/pages"}],"about":[{"href":"https:\/\/bosnanakliye.com\/index.php\/wp-json\/wp\/v2\/types\/page"}],"author":[{"embeddable":true,"href":"https:\/\/bosnanakliye.com\/index.php\/wp-json\/wp\/v2\/users\/1"}],"replies":[{"embeddable":true,"href":"https:\/\/bosnanakliye.com\/index.php\/wp-json\/wp\/v2\/comments?post=567"}],"version-history":[{"count":7,"href":"https:\/\/bosnanakliye.com\/index.php\/wp-json\/wp\/v2\/pages\/567\/revisions"}],"predecessor-version":[{"id":633,"href":"https:\/\/bosnanakliye.com\/index.php\/wp-json\/wp\/v2\/pages\/567\/revisions\/633"}],"wp:featuredmedia":[{"embeddable":true,"href":"https:\/\/bosnanakliye.com\/index.php\/wp-json\/wp\/v2\/media\/612"}],"wp:attachment":[{"href":"https:\/\/bosnanakliye.com\/index.php\/wp-json\/wp\/v2\/media?parent=567"}],"curies":[{"name":"wp","href":"https:\/\/api.w.org\/{rel}","templated":true}]}}